{"id":254,"date":"2024-03-04T07:41:07","date_gmt":"2024-03-04T06:41:07","guid":{"rendered":"https:\/\/www.rgimagesettextes.art\/?page_id=254"},"modified":"2025-11-19T14:59:51","modified_gmt":"2025-11-19T13:59:51","slug":"lessence-de-la-vie-nouvelle","status":"publish","type":"page","link":"https:\/\/www.rgimagesettextes.art\/?page_id=254","title":{"rendered":"L\u2019essence de la vie (nouvelle)"},"content":{"rendered":"\n<div class=\"wp-block-group has-contrast-dark-color has-text-color has-background has-link-color has-alegreya-font-family has-superbfont-tiny-font-size wp-elements-6b5eaa17d8cf588a8bb8a3d5ac6d16f0 has-global-padding is-layout-constrained wp-container-core-group-is-layout-0feb1511 wp-block-group-is-layout-constrained\" style=\"background:radial-gradient(rgb(203,196,196) 0%,rgb(224,205,205) 31%,rgb(210,199,199) 69%,rgb(169,184,195) 100%);min-height:0px;padding-top:0;padding-right:var(--wp--preset--spacing--superbspacing-small);padding-bottom:0;padding-left:var(--wp--preset--spacing--superbspacing-small);font-style:normal;font-weight:400;line-height:2\">\n<div>\n<div>\n<p>\u00a0<\/p>\n<p><span style=\"font-size: 14pt;\">Ce matin, j\u2019ai d\u00e9couvert un stock de papier\u00a0!<\/span><\/p>\n<p><span style=\"font-size: 14pt;\">Entre l\u2019humidit\u00e9 et la chaleur, je ne pensais pas qu\u2019il puisse en rester quelque part.<\/span><\/p>\n<p><span style=\"font-size: 14pt;\">Fouinant dans des ruines que je n\u2019avais pas explor\u00e9es jusqu\u2019\u00e0 pr\u00e9sent par ce qu\u2019elles paraissaient instables et dangereuses, blocs de b\u00e9ton et de ferrailles diversement enchev\u00eatr\u00e9es, je suis tomb\u00e9 dessus\u00a0: une caisse en plastique\u00a0pleine de documents sous des planches de bois qui m\u2019avaient attir\u00e9 parce que combustible potentiel pour le chauffage et la cuisine.<\/span><\/p>\n<p><span style=\"font-size: 14pt;\">Ce sont les seuls mat\u00e9riaux disponibles, en effet, aucun arbre ou \u00e9quivalant n\u2019ont r\u00e9sist\u00e9.<\/span><\/p>\n<p><span style=\"font-size: 14pt;\">Ah\u00a0! Le plastique\u00a0! Le truc super-polluant qui met des si\u00e8cles \u00e0 dispara\u00eetre. Ses qualit\u00e9s \u00ab\u00a0non environnementales\u00a0\u00bb avaient prot\u00e9g\u00e9 ces pr\u00e9cieux feuillets.<\/span><\/p>\n<p><span style=\"font-size: 14pt;\">\u00c0 l\u2019int\u00e9rieur de la caisse\u00a0: des factures de t\u00e9l\u00e9phones portables imprim\u00e9es que d\u2019un c\u00f4t\u00e9\u00a0! Quel g\u00e2chis\u00a0ou plut\u00f4t, quel bonheur\u00a0!<\/span><\/p>\n<p><span style=\"font-size: 14pt;\">Toute cette surface \u00e0 noircir\u00a0! Enfin parler \u00e0 quelqu\u2019un, un \u00e9ventuel lecteur dans un avenir improbable.<\/span><\/p>\n<p style=\"text-align: center;\"><span style=\"font-size: 14pt;\">\u2013<\/span><\/p>\n<p><span style=\"font-size: 14pt;\">Je ne sais pas vraiment ce qui s\u2019est pass\u00e9.<\/span><\/p>\n<p><span style=\"font-size: 14pt;\">Quand je me suis r\u00e9veill\u00e9, il y a un an, cinq mois et trois jours (si j\u2019en crois les traits grav\u00e9s avec un morceau de fer rouill\u00e9 sur un bout de palette en bois) j\u2019\u00e9tais au fond d\u2019un puits que j\u2019essayais de nettoyer et quand j\u2019en suis sorti\u2026 Tout \u00e9tait ravag\u00e9.<\/span><\/p>\n<p><span style=\"font-size: 14pt;\">Vive le bricolage\u00a0! Si je n\u2019avais pas eu cette id\u00e9e saugrenue de vouloir cesser de payer mon eau, faire s\u00e9cessions avec le lib\u00e9ralisme, \u00eatre autonome dans le respect de l\u2019environnement et des valeurs de l\u2019homme sain dans un milieu sain\u00a0! Bref si je n\u2019avais pas voulu \u00e9conomiser un peu sur les factures de flotte, je ne serais pas l\u00e0.<\/span><\/p>\n<p><span style=\"font-size: 14pt;\">Quand j\u2019ai dit ravag\u00e9, c\u2019est par ce que je n\u2019ai pas trouv\u00e9 d\u2019autres mots.<\/span><\/p>\n<p><span style=\"font-size: 14pt;\">J\u2019ai bien essay\u00e9 d\u2019en inventer\u00a0:<\/span><\/p>\n<p><span style=\"font-size: 14pt;\">\u00ab\u00a0Ras\u00e9pourripuant\u00a0\u00bb,<\/span><\/p>\n<p><span style=\"font-size: 14pt;\">\u00ab\u00a0d\u00e9truitsaliglauque\u00a0\u00bb,<\/span><\/p>\n<p><span style=\"font-size: 14pt;\">J\u2019ai vite arr\u00eat\u00e9.<\/span><\/p>\n<p><span style=\"font-size: 14pt;\">Comment d\u00e9crire \u00e7a\u00a0? Vous vous rappelez les images de Varsovie pendant la Deuxi\u00e8me Guerre mondiale\u00a0? Des bouts de b\u00e2timents, des gravats, de la poussi\u00e8re, un ciel gris rouge brumeux sans soleil, un silence strident qui d\u00e9chire les tympans et surtout, surtout \u2026 Personne\u00a0!<\/span><\/p>\n<p><span style=\"font-size: 14pt;\">Sauv\u00e9 au fond d\u2019un puits, j\u2019ai tr\u00e8s vite \u00e9t\u00e9 au fond du trou\u00a0!<\/span><\/p>\n<p><span style=\"font-size: 14pt;\">Personne de vivant.<\/span><\/p>\n<p><span style=\"font-size: 14pt;\">Au lieu d\u2019envisager tout de suite l\u2019urgence\u00a0: O\u00f9 vais-je dormir\u00a0? Que vais-je manger\u00a0? Qu\u2019est-ce qu\u2019il y a \u00e0 la t\u00e9l\u00e9 ce soir\u00a0? Je me suis acharn\u00e9 \u00e0 chercher des survivants, l\u2019instinct gr\u00e9gaire sans doute, la peur de la solitude\u00a0?<\/span><\/p>\n<p><span style=\"font-size: 14pt;\">Au bout d\u2019un certain temps (?) \u00e0 courir dans tous les sens j\u2019\u00e9tais crev\u00e9, le souffle court, un go\u00fbt bizarre dans la bouche.<\/span><\/p>\n<p><span style=\"font-size: 14pt;\">Je ne peux tout m\u00eame pas \u00eatre le seul \u00e0 avoir eu cette chance\u00a0?<\/span><\/p>\n<p><span style=\"font-size: 14pt;\">Ou cette malchance\u00a0????<\/span><\/p>\n<p style=\"text-align: center;\"><span style=\"font-size: 14pt;\">\u2013<\/span><\/p>\n<p><span style=\"font-size: 14pt;\">Il y a s\u00fbrement tout un tas de saloperies autour de moi, radiations, pollutions, etc.<\/span><\/p>\n<p><span style=\"font-size: 14pt;\">Assis sur cette certitude j\u2019ai pens\u00e9 au suicide.<\/span><\/p>\n<p><span style=\"font-size: 14pt;\">Les modes op\u00e9ratoires non douloureux n\u2019\u00e9tant pas disponibles, je ne le sentais pas trop dans l\u2019imm\u00e9diat.<\/span><\/p>\n<p><span style=\"font-size: 14pt;\">Pas m\u00eame une ruine assez haute d\u2019o\u00f9 se pr\u00e9cipiter dans le vide sans risquer de survivre, handicap\u00e9 de surcro\u00eet\u00a0!<\/span><\/p>\n<p><span style=\"font-size: 14pt;\">J\u2019aurais \u00e9t\u00e9, bien que handicap\u00e9, la seule r\u00e9f\u00e9rence de l\u2019\u00eatre humain vivant.<\/span><\/p>\n<p><span style=\"font-size: 14pt;\">Un \u00eatre avec des jambes ne fonctionnant pas, qu\u2019il tra\u00eene derri\u00e8re lui en rampant comme des appendices inutiles, comme une punition lui rappelant \u00e0 chaque instant le mal que ses semblables avait fait \u00e0 la plan\u00e8te et sans doute responsables de son \u00e9tat de d\u00e9solation.<\/span><\/p>\n<p><span style=\"font-size: 14pt;\">C\u2019est \u00e9tonnant comme on peut tenir \u00e0 soi-m\u00eame\u00a0! M\u00eame, o\u00f9 surtout quand il n\u2019y a plus rien d\u2019autre \u00e0 qui, \u00e0 quoi tenir. Mourir en sachant que personne ne sera choqu\u00e9, pein\u00e9\u00a0!<\/span><\/p>\n<p><span style=\"font-size: 14pt;\">Aucune \u00e2me pour pleurer, souffrir, dire sa peine.<\/span><\/p>\n<p><span style=\"font-size: 14pt;\">M\u00eame quand on doute de pouvoir observer , puisque que mort, ses manifestions de compassions ou d\u2019amour, cela arr\u00eate le geste \u2026 mais pas l\u2019envie.<\/span><\/p>\n<p><span style=\"font-size: 14pt;\">Mais quelle motivation trouver\u00a0?<\/span><\/p>\n<p><span style=\"font-size: 14pt;\">L\u2019espoir qu\u2019un (ou une\u00a0?) autre nettoyeur de puits, \u00e9goutier, sp\u00e9l\u00e9ologue ou autres \u00ab\u00a0rat\u00a0\u00bb de souterrain ait surv\u00e9cu quelque part dans ce monde que l\u2019on sait immense\u00a0?<\/span><\/p>\n<p><span style=\"font-size: 14pt;\">Qu\u2019une exp\u00e9dition de recherche est en route, qu\u2019il reste des zones pr\u00e9serv\u00e9es ou la civilisation va pouvoir red\u00e9marrer autre chose\u00a0? Autrement\u00a0?<\/span><\/p>\n<p><span style=\"font-size: 14pt;\">Ou plus simplement la peur de perdre le peu qui reste\u00a0: sa propre existence.<\/span><\/p>\n<p style=\"text-align: center;\"><span style=\"font-size: 14pt;\">\u2013<\/span><\/p>\n<p><span style=\"font-size: 14pt;\">Je me suis donc attel\u00e9, geste apr\u00e8s geste, pas apr\u00e8s pas, jour apr\u00e8s jour, \u00e0 vivre.<\/span><\/p>\n<p><span style=\"font-size: 14pt;\">Bricoler un g\u00eete en fonction des nouvelles conditions m\u00e9t\u00e9orologiques, canicule humide le jour, froid glacial la nuit\u2026<\/span><\/p>\n<p><span style=\"font-size: 14pt;\">Rep\u00e9rer les diff\u00e9rents \u00e9l\u00e9ments consommables aux alentours\u2026<\/span><\/p>\n<p><span style=\"font-size: 14pt;\">Les ruines sont comme un immense magasin de bricolage, il y a tout ce qu\u2019il faut\u00a0!<\/span><\/p>\n<p><span style=\"font-size: 14pt;\">J\u2019ai fait ma cabane, peaufin\u00e9 mon int\u00e9rieur, soign\u00e9 les d\u00e9tails. Tout de suite, j\u2019ai d\u00e9cid\u00e9 de voir grand : cuisine, chambre, pi\u00e8ce \u00e0 vivre et \u00e0 recevoir\u00a0?<\/span><\/p>\n<p><span style=\"font-size: 14pt;\">Des \u00e9tag\u00e8res pour ranger les trouvailles glan\u00e9es ici et l\u00e0, des rideaux aux fen\u00eatres (ouvertures sur l\u2019ext\u00e9rieur) m\u00eame si je n\u2019ai pas trop de probl\u00e8mes de voisinage et de vis-\u00e0-vis, tout le confort de l\u2019homme moderne\u00a0!<\/span><\/p>\n<p><span style=\"font-size: 14pt;\">Pour manger, c\u2019est plus compliqu\u00e9. Il a fallu retrouver dans les ruines ce qui ressemblait \u00e0 une grande surface et creuser jusqu\u2019\u00e0 tomber sur les rayons bo\u00eetes de conserve. Quatre jours de recherche\u00a0! Je sais, c\u2019est peu mais sans rien \u00e0 manger, c\u2019est long.<\/span><\/p>\n<p><span style=\"font-size: 14pt;\">Pour boire\u00a0: des flaques, il y en a plein partout. Je continue r\u00e9guli\u00e8rement \u00e0 chercher le rayon boisson sans succ\u00e8s pour l\u2019instant, mais avec une motivation particuli\u00e8re.<\/span><\/p>\n<p><span style=\"font-size: 14pt;\">L\u2019eau que je bois pue, ce que je mange pue, l\u2019air que je respire pue, je pue\u00a0! M\u00eame les bo\u00eetes d\u00e8s que je les ouvre, puent. Tout \u00e7a est certainement empoisonn\u00e9 d\u2019une fa\u00e7on ou d\u2019une autre, et alors\u00a0?<\/span><\/p>\n<p><span style=\"font-size: 14pt;\">Pour l\u2019instant, Je suis toujours l\u00e0.<\/span><\/p>\n<p style=\"text-align: center;\"><span style=\"font-size: 14pt;\">\u2013<\/span><\/p>\n<p><span style=\"font-size: 14pt;\">Finalement peu de choses mat\u00e9rielles me manquent vraiment.<\/span><\/p>\n<p><span style=\"font-size: 14pt;\">L\u2019enfer, c\u2019est les autres, l\u2019absence des autres, au moins un autre ou une autre \u2026<\/span><\/p>\n<p><span style=\"font-size: 14pt;\">Stop\u00a0! Censure\u00a0! Sujet tabou qui sape le moral\u00a0!<\/span><\/p>\n<p><span style=\"font-size: 14pt;\">Des fois je pense \u00e0 cela. Tout ce qui me fait vraiment souffrir. Je me les chantonne m\u00eame, \u00e0 voix haute, pour bien enfoncer le clou\u00a0!<\/span><\/p>\n<p><span style=\"font-size: 14pt;\">\u00ab\u00a0Ta femme, tes enfants, tes amis\u00a0! Parler, partager, aimer\u00a0!\u00a0Etc.\u2026, comme \u00e7a pendant des heures (?).<\/span><\/p>\n<p><span style=\"font-size: 14pt;\">Je fais l\u2019autiste, je me balance d\u2019avant en arri\u00e8re en chantonnant, je me l\u00e8ve, je hurle, je me roule par terre\u00a0: j\u2019essaye de devenir fou, de basculer\u00a0!<\/span><\/p>\n<p><span style=\"font-size: 14pt;\">Cela me semble plus confortable que la mort\u00a0: le suicide mental\u00a0!<\/span><\/p>\n<p><span style=\"font-size: 14pt;\">Mais, pas moyen\u00a0!<\/span><\/p>\n<p><span style=\"font-size: 14pt;\">Chaque fois je me retrouve couch\u00e9 au sol, tremp\u00e9 de sueur, mais conscient\u00a0! Avec une vision claire, presque analytique de la situation dans laquelle je suis.<\/span><\/p>\n<p><span style=\"font-size: 14pt;\">C\u2019est comme s\u2019il \u00e9tait impossible de devenir fou quand on est seul, comme si on avait besoin des autres pour basculer, comme si c\u2019\u00e9tait les autres ou le rapport aux autres qui pouvait d\u00e9clencher le ph\u00e9nom\u00e8ne, ou faire r\u00e9f\u00e9rence.<\/span><\/p>\n<p><span style=\"font-size: 14pt;\">Je suis sans doute trop civilis\u00e9, trop c\u00e9r\u00e9bral, ou pas assez\u00a0?<\/span><\/p>\n<p><span style=\"font-size: 14pt;\">En trouvant ce papier, en \u00e9crivant, j\u2019avais un objectif\u00a0: ne faire que \u00e7a, tant qu\u2019il y aurait de la place sur une feuille et apr\u00e8s\u2026<\/span><\/p>\n<p><span style=\"font-size: 14pt;\">Quoi apr\u00e8s\u00a0?<\/span><\/p>\n<p><span style=\"font-size: 14pt;\">\u2013<\/span><\/p>\n<p><span style=\"font-size: 14pt;\">Il me reste encore un stock de relev\u00e9s bancaires utilisables.<\/span><\/p>\n<p><span style=\"font-size: 14pt;\">Mais depuis trois jours\u00a0: nouveaut\u00e9, je me relis\u00a0!<\/span><\/p>\n<p><span style=\"font-size: 14pt;\">Pas pour corriger les fautes d\u2019orthographe ou de style\u00a0!<\/span><\/p>\n<p><span style=\"font-size: 14pt;\">C\u2019est comme si je lisais quelqu\u2019un d\u2019autre\u2026Cela fait du bien\u2026et du mal. Putain\u00a0! Rarement vu un auteur aussi\u00a0 d\u00e9primant\u00a0!<\/span><\/p>\n<p><span style=\"font-size: 14pt;\">J\u2019aurais pr\u00e9f\u00e9r\u00e9 tomber sur un roman d\u2019aventures ou de science-fiction, un truc pour \u00e9chapper au quotidien.<\/span><\/p>\n<p><span style=\"font-size: 14pt;\">\u2013<\/span><\/p>\n<p><span style=\"font-size: 14pt;\">\u2013 Sucre en morceaux<\/span><\/p>\n<p><span style=\"font-size: 14pt;\">\u2013 Fruits et l\u00e9gumes<\/span><\/p>\n<p><span style=\"font-size: 14pt;\">\u2013 Bi\u00e8res<\/span><\/p>\n<p><span style=\"font-size: 14pt;\">\u2013 Caf\u00e9<\/span><\/p>\n<p><span style=\"font-size: 14pt;\">\u2013 Pain<\/span><\/p>\n<p><span style=\"font-size: 14pt;\">\u2013 PQ<\/span><\/p>\n<p><span style=\"font-size: 14pt;\">\u2013 Plein d\u2019essence<\/span><\/p>\n<p><span style=\"font-size: 14pt;\">\u2013 \u2026<\/span><\/p>\n<p><span style=\"font-size: 14pt;\">Une liste de courses\u00a0!<\/span><\/p>\n<p><span style=\"font-size: 14pt;\">C\u2019est ma nouvelle mani\u00e8re pour\u00a0\u00ab\u00a0m\u2019occuper-d\u00e9primer\u00a0!\u00a0\u00bb<\/span><\/p>\n<p><span style=\"font-size: 14pt;\">Le pire, c\u2019est que je pars avec ma liste et que je cherche les \u00e9l\u00e9ments en me r\u00e9p\u00e9tant qu\u2019il ne faut rien oublier\u00a0! D\u2019ailleurs aujourd\u2019hui, j\u2019ai trouv\u00e9 l\u2019essence\u2026<\/span><\/p>\n<p><span style=\"font-size: 14pt;\">Une vieille station, enfin, ce qui en reste.<\/span><\/p>\n<p><span style=\"font-size: 14pt;\">Mais \u00e0 la pompe \u00e7a coule encore. Alors J\u2019ai laiss\u00e9 couler, longuement, jusqu\u2019\u00e0 faire une immense flaque, comme un lac avec des vapeurs iris\u00e9es qui monte vers le ciel, comme des ondes de chaleurs\u2026<\/span><\/p>\n<p><span style=\"font-size: 14pt;\">Monter vers le ciel\u2026 C\u2019est beau\u00a0!<\/span><\/p>\n<p><span style=\"font-size: 14pt;\">Je respire bien \u00e0 fond depuis un moment d\u00e9j\u00e0 et j\u2019ai sorti le briquet \u00e0 gaz que j\u2019\u00e9conomise soigneusement depuis des mois.<\/span><\/p>\n<p><span style=\"font-size: 14pt;\">Finalement\u2026<\/span><\/p>\n<p><span style=\"font-size: 14pt;\">Vous ne me lirez pas\u00a0!<\/span><\/p>\n<p style=\"text-align: right;\"><span style=\"font-size: 14pt;\">Fin<\/span><\/p>\n<p>\u00a0<\/p>\n<\/div>\n<\/div>\n<\/div>\n","protected":false},"excerpt":{"rendered":"<p>\u00a0 Ce matin, j\u2019ai d\u00e9couvert un stock de papier\u00a0! Entre l\u2019humidit\u00e9 et la chaleur, je ne pensais pas qu\u2019il puisse en rester quelque part. Fouinant dans des ruines que je n\u2019avais pas explor\u00e9es jusqu\u2019\u00e0 pr\u00e9sent par ce qu\u2019elles paraissaient instables et dangereuses, blocs de b\u00e9ton et de ferrailles diversement enchev\u00eatr\u00e9es, je suis tomb\u00e9 dessus\u00a0: une [&hellip;]<\/p>\n","protected":false},"author":1,"featured_media":0,"parent":0,"menu_order":0,"comment_status":"closed","ping_status":"closed","template":"","meta":{"footnotes":""},"class_list":["post-254","page","type-page","status-publish","hentry"],"_links":{"self":[{"href":"https:\/\/www.rgimagesettextes.art\/index.php?rest_route=\/wp\/v2\/pages\/254","targetHints":{"allow":["GET"]}}],"collection":[{"href":"https:\/\/www.rgimagesettextes.art\/index.php?rest_route=\/wp\/v2\/pages"}],"about":[{"href":"https:\/\/www.rgimagesettextes.art\/index.php?rest_route=\/wp\/v2\/types\/page"}],"author":[{"embeddable":true,"href":"https:\/\/www.rgimagesettextes.art\/index.php?rest_route=\/wp\/v2\/users\/1"}],"replies":[{"embeddable":true,"href":"https:\/\/www.rgimagesettextes.art\/index.php?rest_route=%2Fwp%2Fv2%2Fcomments&post=254"}],"version-history":[{"count":7,"href":"https:\/\/www.rgimagesettextes.art\/index.php?rest_route=\/wp\/v2\/pages\/254\/revisions"}],"predecessor-version":[{"id":869,"href":"https:\/\/www.rgimagesettextes.art\/index.php?rest_route=\/wp\/v2\/pages\/254\/revisions\/869"}],"wp:attachment":[{"href":"https:\/\/www.rgimagesettextes.art\/index.php?rest_route=%2Fwp%2Fv2%2Fmedia&parent=254"}],"curies":[{"name":"wp","href":"https:\/\/api.w.org\/{rel}","templated":true}]}}