{"id":295,"date":"2024-03-04T16:01:41","date_gmt":"2024-03-04T15:01:41","guid":{"rendered":"https:\/\/www.rgimagesettextes.art\/?page_id=295"},"modified":"2025-11-20T12:16:28","modified_gmt":"2025-11-20T11:16:28","slug":"peaux-easy","status":"publish","type":"page","link":"https:\/\/www.rgimagesettextes.art\/?page_id=295","title":{"rendered":"Peaux easy #1"},"content":{"rendered":"\n<div class=\"wp-block-group has-contrast-dark-color has-text-color has-background has-link-color has-alegreya-font-family has-superbfont-tiny-font-size wp-elements-7774be8d3ba61848b1693bc925f9c642 has-global-padding is-layout-constrained wp-container-core-group-is-layout-0feb1511 wp-block-group-is-layout-constrained\" style=\"background:radial-gradient(rgb(203,196,196) 0%,rgb(224,205,205) 31%,rgb(210,199,199) 69%,rgb(169,184,195) 100%);min-height:0px;padding-top:0;padding-right:var(--wp--preset--spacing--superbspacing-small);padding-bottom:0;padding-left:var(--wp--preset--spacing--superbspacing-small);font-style:normal;font-weight:400;line-height:2\">\n<p>\u00a0<\/p>\n<p><span style=\"font-size: 14pt;\">J&rsquo;aime la po\u00e9sie, je hais les po\u00eates.<\/span><\/p>\n<p><span style=\"font-size: 14pt;\">J&rsquo;aborhe leurs semis de mots dont rien n&rsquo;\u00e9clot dans les terres s\u00e8ches<\/span><br \/><span style=\"font-size: 14pt;\">S\u00e9duction morbide que de m\u00e2cher de la beaut\u00e9 \u00e0 s&rsquo;en casser les dents.<\/span><br \/><span style=\"font-size: 14pt;\">Glisser sur toute chose, \u00e9craser le r\u00e9\u00e8l de son emphatie de mort debout.<\/span><br \/><span style=\"font-size: 14pt;\">Ciseleurs de l&rsquo;inutile comme une faim en soi,<\/span><br \/><span style=\"font-size: 14pt;\">et autour,<\/span><br \/><span style=\"font-size: 14pt;\">les gens meurt.<\/span><\/p>\n<p><span style=\"font-size: 14pt;\">Vous \u00e9crivez la vie, je suis de ceux qui la vivent,<\/span><br \/><span style=\"font-size: 14pt;\">\u00e0 chaque instant,<\/span><br \/><span style=\"font-size: 14pt;\">pour l&rsquo;\u00e9ternit\u00e9,<\/span><br \/><span style=\"font-size: 14pt;\">sans autre pr\u00e9tention,<\/span><br \/><span style=\"font-size: 14pt;\">sans laisser de traces.<\/span><\/p>\n<p><span style=\"font-size: 14pt;\">Je cr\u00e8ve la fum\u00e9e des intentions par mes vibrations.<\/span><\/p>\n<p><span style=\"font-size: 14pt;\">Et j&rsquo;en cr\u00e8ve.<\/span><\/p>\n<p style=\"text-align: center;\"><span style=\"font-size: 14pt;\">&#8211;<\/span><\/p>\n<\/div>\n\n\n\n<div class=\"wp-block-group has-contrast-dark-color has-text-color has-background has-link-color has-alegreya-font-family has-superbfont-tiny-font-size wp-elements-af8e3454344af01e60c6117463257a37 has-global-padding is-layout-constrained wp-container-core-group-is-layout-0feb1511 wp-block-group-is-layout-constrained\" style=\"background:radial-gradient(rgb(203,196,196) 0%,rgb(224,205,205) 31%,rgb(210,199,199) 69%,rgb(169,184,195) 100%);min-height:0px;padding-top:0;padding-right:var(--wp--preset--spacing--superbspacing-small);padding-bottom:0;padding-left:var(--wp--preset--spacing--superbspacing-small);font-style:normal;font-weight:400;line-height:2\">\n<p>\u00a0<\/p>\n<p><span style=\"font-size: 14pt;\">La vie m&rsquo;\u00e9puise et me nourrit de hourras sans aura.<\/span><br \/><span style=\"font-size: 14pt;\">Je m&rsquo;\u00e9chine \u00e0 puiser des machines \u00e0 muser,<\/span><br \/><span style=\"font-size: 14pt;\">sans mesure,<\/span><br \/><span style=\"font-size: 14pt;\">en murmures tonitruants.<\/span><\/p>\n<p><span style=\"font-size: 14pt;\">Les fruits trop mures explosent entre mes mains trop f\u00e9briles<\/span><br \/><span style=\"font-size: 14pt;\">mes doigts gourd se trompent de temps et s\u2019emp\u00e2tent sans \u00e9pate.<\/span><br \/><span style=\"font-size: 14pt;\">Est-ce le d\u00e9but<\/span><br \/><span style=\"font-size: 14pt;\">D&rsquo;un autre temps d&rsquo;illusions rayonnantes<\/span><br \/><span style=\"font-size: 14pt;\">Qu&rsquo;est-ce qui pourrait avoir plus de valeur qu&rsquo;un instant, une \u00e9ternit\u00e9 de bonheur m\u00eame fragile\u00a0?<\/span><br \/><span style=\"font-size: 14pt;\">A se complaire dans un gouffre de d\u00e9sespoir esth\u00e9tis\u00e9 on s&rsquo;aseptise en anti-douleurs inefficients.<\/span><br \/><span style=\"font-size: 14pt;\">Les bavards avares d&rsquo;\u00e9motions avec leur mots lotions nous enduisent en erreur.<\/span><br \/><span style=\"font-size: 14pt;\">La v\u00e9rit\u00e9 n&rsquo;est pas ailleurs, elle est l\u00e0 dans le pr\u00e9sent \u00e0 vivre et \u00e0 offrir vite,<\/span><br \/><span style=\"font-size: 14pt;\">avant la faim.<\/span><\/p>\n<p style=\"text-align: center;\">&#8211;<\/p>\n<\/div>\n","protected":false},"excerpt":{"rendered":"<p>\u00a0 J&rsquo;aime la po\u00e9sie, je hais les po\u00eates. J&rsquo;aborhe leurs semis de mots dont rien n&rsquo;\u00e9clot dans les terres s\u00e8chesS\u00e9duction morbide que de m\u00e2cher de la beaut\u00e9 \u00e0 s&rsquo;en casser les dents.Glisser sur toute chose, \u00e9craser le r\u00e9\u00e8l de son emphatie de mort debout.Ciseleurs de l&rsquo;inutile comme une faim en soi,et autour,les gens meurt. Vous [&hellip;]<\/p>\n","protected":false},"author":1,"featured_media":0,"parent":0,"menu_order":0,"comment_status":"closed","ping_status":"closed","template":"","meta":{"footnotes":""},"class_list":["post-295","page","type-page","status-publish","hentry"],"_links":{"self":[{"href":"https:\/\/www.rgimagesettextes.art\/index.php?rest_route=\/wp\/v2\/pages\/295","targetHints":{"allow":["GET"]}}],"collection":[{"href":"https:\/\/www.rgimagesettextes.art\/index.php?rest_route=\/wp\/v2\/pages"}],"about":[{"href":"https:\/\/www.rgimagesettextes.art\/index.php?rest_route=\/wp\/v2\/types\/page"}],"author":[{"embeddable":true,"href":"https:\/\/www.rgimagesettextes.art\/index.php?rest_route=\/wp\/v2\/users\/1"}],"replies":[{"embeddable":true,"href":"https:\/\/www.rgimagesettextes.art\/index.php?rest_route=%2Fwp%2Fv2%2Fcomments&post=295"}],"version-history":[{"count":24,"href":"https:\/\/www.rgimagesettextes.art\/index.php?rest_route=\/wp\/v2\/pages\/295\/revisions"}],"predecessor-version":[{"id":905,"href":"https:\/\/www.rgimagesettextes.art\/index.php?rest_route=\/wp\/v2\/pages\/295\/revisions\/905"}],"wp:attachment":[{"href":"https:\/\/www.rgimagesettextes.art\/index.php?rest_route=%2Fwp%2Fv2%2Fmedia&parent=295"}],"curies":[{"name":"wp","href":"https:\/\/api.w.org\/{rel}","templated":true}]}}