{"id":315,"date":"2024-03-05T07:34:10","date_gmt":"2024-03-05T06:34:10","guid":{"rendered":"https:\/\/www.rgimagesettextes.art\/?page_id=315"},"modified":"2025-11-20T12:14:18","modified_gmt":"2025-11-20T11:14:18","slug":"textes-de-chansons","status":"publish","type":"page","link":"https:\/\/www.rgimagesettextes.art\/?page_id=315","title":{"rendered":"Textes de chansons #1"},"content":{"rendered":"\n<div style=\"height:30px\" aria-hidden=\"true\" class=\"wp-block-spacer\"><\/div>\n\n\n\n<div class=\"wp-block-group has-contrast-dark-color has-text-color has-background has-link-color has-alegreya-font-family has-superbfont-tiny-font-size wp-elements-d24c17047027a70e5fab31c6b919e1ca has-global-padding is-layout-constrained wp-container-core-group-is-layout-0feb1511 wp-block-group-is-layout-constrained\" style=\"background:radial-gradient(rgb(203,196,196) 0%,rgb(224,205,205) 31%,rgb(210,199,199) 69%,rgb(169,184,195) 100%);min-height:0px;padding-top:0;padding-right:var(--wp--preset--spacing--superbspacing-small);padding-bottom:0;padding-left:var(--wp--preset--spacing--superbspacing-small);font-style:normal;font-weight:400;line-height:2\">\n<p class=\"has-text-align-center has-contrast-dark-color has-text-color has-link-color has-superbfont-medium-font-size wp-elements-00d186099fe279df98602119fad6edfa\"><br><strong>Que reste-t-il<\/strong><\/p>\n\n\n\n<p class=\"has-contrast-dark-color has-text-color has-link-color has-superbfont-small-font-size wp-elements-5fbf22cb036a595ae49e93453810fb00\">Chacun, Chacune, souffre \u00e0 sa dose,<br>s\u2019\u00e9coute, se raconte et s\u2019\u00e9teint<br>doucement,<br>sans soubresaut.<\/p>\n\n\n\n<p class=\"has-contrast-dark-color has-text-color has-link-color has-superbfont-small-font-size wp-elements-d0ee239df01f59ae0cad9a67ffa5b981\">Chacun, chacune, prenant la pose,<br>s\u2019\u00e9coute, se raconte et s\u2019\u00e9teint<br>lentement, sans conviction.<\/p>\n\n\n\n<p class=\"has-contrast-dark-color has-text-color has-link-color has-superbfont-small-font-size wp-elements-80471c33cf2913dc15f4470852b15c30\">Que reste-t-il de nos col\u00e8res ?<br>Nos fantaisies, nos bonnes mani\u00e8res<\/p>\n\n\n\n<p class=\"has-contrast-dark-color has-text-color has-link-color has-superbfont-small-font-size wp-elements-0083bb7194ccda80ed309a9910e2ed6a\">Chacun, chacune, dans son \u00e9cran<br>s\u2019enflamme, sort les griffes et renonce<br>bruyamment,<br>sans pudeur<br>chacun, chacune fait son boucan<br>s\u2019enflamme, sort les griffes et renonce<\/p>\n\n\n\n<p class=\"has-contrast-dark-color has-text-color has-link-color has-superbfont-small-font-size wp-elements-80471c33cf2913dc15f4470852b15c30\">Que reste-t-il de nos col\u00e8res ?<br>Nos fantaisies, nos bonnes mani\u00e8res<\/p>\n\n\n\n<p class=\"has-contrast-dark-color has-text-color has-link-color has-superbfont-small-font-size wp-elements-b1adabd85a2c04f764eb787032ec79cc\">chacun, chacune, paupi\u00e8re mi-closes<br>envisage, d\u00e9visage et s\u2019efface<br>discr\u00e8tement<br>sans \u00e9clat.<\/p>\n\n\n\n<p class=\"has-contrast-dark-color has-text-color has-link-color has-superbfont-small-font-size wp-elements-d91c5937a3ea7b3e1132f610a418531b\">chacun, chacune, souffre \u00e0 sa dose<br>envisage, d\u00e9visage et s\u2019efface<br>&#8212;- sans bataille<\/p>\n\n\n\n<p class=\"has-contrast-dark-color has-text-color has-link-color has-superbfont-small-font-size wp-elements-e9417eb8e2677f8549b1f09e7261001d\">Que reste-t-il de nos col\u00e8res ?<br>Nos fantaisies, nos bonnes mani\u00e8res<br>Que reste-t-il Que reste-t-il<\/p>\n\n\n\n<p class=\"has-text-align-center has-contrast-dark-color has-text-color has-link-color has-superbfont-small-font-size wp-elements-a47ba4dffa4bb717205c252afb3b6ea2\">&#8211;<br><\/p>\n\n\n\n<p><\/p>\n<\/div>\n\n\n\n<div class=\"wp-block-group has-contrast-dark-color has-text-color has-background has-link-color has-alegreya-font-family has-superbfont-tiny-font-size wp-elements-9ff8dec6e61a0a79a036e14481e1adaf has-global-padding is-layout-constrained wp-container-core-group-is-layout-0feb1511 wp-block-group-is-layout-constrained\" style=\"background:radial-gradient(rgb(203,196,196) 0%,rgb(224,205,205) 31%,rgb(210,199,199) 69%,rgb(169,184,195) 100%);min-height:0px;padding-top:0;padding-right:var(--wp--preset--spacing--superbspacing-small);padding-bottom:0;padding-left:var(--wp--preset--spacing--superbspacing-small);font-style:normal;font-weight:400;line-height:2\">\n<p><\/p>\n\n\n\n<p class=\"has-text-align-center has-contrast-dark-color has-text-color has-link-color has-superbfont-medium-font-size wp-elements-369e4bdee038ab6fb8c61ead6ccb2d75\"><br><strong>Avant l\u2019abri<\/strong><\/p>\n\n\n\n<p class=\"has-contrast-dark-color has-text-color has-link-color has-superbfont-small-font-size wp-elements-591a3a16247902c66c55e9966c4528b6\"><\/p>\n\n\n\n<p class=\"has-contrast-dark-color has-text-color has-link-color has-superbfont-small-font-size wp-elements-0781fee0470dfddc9918718c62f7b201\">Je ris et je cours sous la pluie,<br>je ris de la distance qu\u2019il reste \u00e0 parcourir<br>jusqu\u2019\u00e0 l\u2019abri anti-chimique.<br>Je ris, je cours mes cheveux fument<br>et la peau de mes joues se d\u00e9collent avant l\u2019abri anti-chimique.<\/p>\n\n\n\n<p class=\"has-contrast-dark-color has-text-color has-link-color has-superbfont-small-font-size wp-elements-5d4b63ccb5514aa4af74756e11c97291\">Je l\u2019savais mais j\u2019vous jure mes enfants j\u2019y croyait pas vraiment<br>j\u2019ai pourtant bien coup\u00e9 l\u2019eau chaque fois que j\u2019me brossais les dents.<br>\u00e7a suffit pas, \u00e7a suffit pas, \u00e7a suffit pas , \u00e7a pas suffit\u00a0!<\/p>\n\n\n\n<p class=\"has-contrast-dark-color has-text-color has-link-color has-superbfont-small-font-size wp-elements-720367ae732012c0f5c11a131a582567\">Je ris en creusant la terre,<br>je ris de la distance qu\u2019il reste \u00e0 faire<br>avant l\u2019abri anti-nucl\u00e9aire.<br>Je ris dans la terre qui tourne \u00e0 la boue,<br>le son des cloques \u00e0 pustules qui claquent<br>avant l\u2019abri anti-nucl\u00e9aire.<\/p>\n\n\n\n<p class=\"has-contrast-dark-color has-text-color has-link-color has-superbfont-small-font-size wp-elements-4395b21f884696967a55b8c7a147259e\">Je l\u2019savais mais j\u2019vous jure mes enfants j\u2019y croyait pas vraiment<br>j\u2019ai pourtant bien dis non \u00e0 la guerre et chauffer la yourte au soleil<br>\u00e7a suffit pas, \u00e7a suffit pas, \u00e7a suffit pas , \u00e7a pas suffit&nbsp;!<\/p>\n\n\n\n<p class=\"has-contrast-dark-color has-text-color has-link-color has-superbfont-small-font-size wp-elements-a198563c00b50c0897839a40e1e6ad93\">Je cours devant la brigade des vautours,<br>je ris de la distance \u00e0 parcourir<br>jusqu\u2019\u00e0 l\u2019abri anti-fachiste.<br>Je ris, je cours avec une vieille envie<br>de m\u2019retourner une derni\u00e8re fois, et finir au combat\u00a0!<br>Plut\u00f4t qu\u2019\u00e0 l\u2019abri anti-fachiste.<\/p>\n\n\n\n<p class=\"has-contrast-dark-color has-text-color has-link-color has-superbfont-small-font-size wp-elements-e9305ff9e4e665c9bd9ee3ff63a2dd52\">j\u2019les ais pourtant bien vu se relever ces bras tendus<br>j\u2019ai pourtant bien dis autour de moi\u00a0: \u00e7a pue, c\u2019est moche\u00a0!<br>\u00e7a suffit pas, \u00e7a suffit pas, \u00e7a suffit pas , \u00e7a suffit\u00a0pas !<\/p>\n\n\n\n<p class=\"has-text-align-center has-contrast-dark-color has-text-color has-link-color has-superbfont-small-font-size wp-elements-a47ba4dffa4bb717205c252afb3b6ea2\">&#8211;<br><\/p>\n\n\n\n<p class=\"has-contrast-dark-color has-text-color has-link-color has-superbfont-xsmall-font-size wp-elements-5614ff389875ef6f05b90ccf5fc4aace\"><\/p>\n\n\n\n<p><\/p>\n<\/div>\n\n\n\n<div class=\"wp-block-group has-contrast-dark-color has-text-color has-background has-link-color has-alegreya-font-family has-superbfont-tiny-font-size wp-elements-f638c40c84fa06ba7dffa2ab90d23480 has-global-padding is-layout-constrained wp-container-core-group-is-layout-0feb1511 wp-block-group-is-layout-constrained\" style=\"background:radial-gradient(rgb(203,196,196) 0%,rgb(224,205,205) 31%,rgb(210,199,199) 69%,rgb(169,184,195) 100%);min-height:0px;padding-top:0;padding-right:var(--wp--preset--spacing--superbspacing-small);padding-bottom:0;padding-left:var(--wp--preset--spacing--superbspacing-small);font-style:normal;font-weight:400;line-height:2\">\n<p class=\"has-text-align-center has-contrast-dark-color has-text-color has-link-color has-superbfont-medium-font-size wp-elements-de031a512f23952fd3b9bde39b1f980a\"><strong><br><strong>Les nuits trop courtes<\/strong><\/strong><\/p>\n\n\n\n<p class=\"has-contrast-dark-color has-text-color has-link-color has-superbfont-small-font-size wp-elements-64cb69d982408d04d5772f47cf2d0f54\">Les nuits trop courtes, les jours sans fin<br>et les repas qui n&rsquo;en finissent pas<br>l&rsquo;\u00e9t\u00e9 trop chaud, l&rsquo;hiver trop sombre<br>et le printemps qui ne vient pas<\/p>\n\n\n\n<p class=\"has-contrast-dark-color has-text-color has-link-color has-superbfont-small-font-size wp-elements-a8ad0977c0ee82fbd91ffbf28cbedc87\">l&rsquo;\u00e9t\u00e9 trop court, l&rsquo;hiver trop blanc<br>et nos r\u00eaves qui se finissent l\u00e0<br>Odeurs trop fortes, claquements de portes<br>les cris quand ils ne faudrait pas<\/p>\n\n\n\n<p class=\"has-contrast-dark-color has-text-color has-link-color has-superbfont-small-font-size wp-elements-4786e966c0d06b08c5e86613211881ba\">douleurs de l&rsquo;un, frayeurs de l&rsquo;autre<br>Tout comme des br\u00fblures sur mes mains<br>l&rsquo;acide en bouche, \u00e9touffe nos pleurs<br>et mon automne qui est d\u00e9j\u00e0 l\u00e0<\/p>\n\n\n\n<p class=\"has-contrast-dark-color has-text-color has-link-color has-superbfont-small-font-size wp-elements-591a3a16247902c66c55e9966c4528b6\"><\/p>\n\n\n\n<p class=\"has-contrast-dark-color has-text-color has-link-color has-superbfont-small-font-size wp-elements-b5c28baa98c37c18834508718dd6894f\">les causes perdues, les bons conseils<br>tout \u00e7a se perd dans mon sommeil<br>ne plus parler, ne plus r\u00e9pondre<br>allez faire un tour plus loin<\/p>\n\n\n\n<p class=\"has-text-align-center has-contrast-dark-color has-text-color has-link-color has-superbfont-small-font-size wp-elements-7833d2468cfeb4952257117853e80061\">&#8211;<\/p>\n\n\n\n<p class=\"has-contrast-dark-color has-text-color has-link-color has-superbfont-xsmall-font-size wp-elements-5614ff389875ef6f05b90ccf5fc4aace\"><\/p>\n\n\n\n<p><\/p>\n<\/div>\n\n\n\n<p><\/p>\n","protected":false},"excerpt":{"rendered":"<p>Que reste-t-il Chacun, Chacune, souffre \u00e0 sa dose,s\u2019\u00e9coute, se raconte et s\u2019\u00e9teintdoucement,sans soubresaut. Chacun, chacune, prenant la pose,s\u2019\u00e9coute, se raconte et s\u2019\u00e9teintlentement, sans conviction. Que reste-t-il de nos col\u00e8res ?Nos fantaisies, nos bonnes mani\u00e8res Chacun, chacune, dans son \u00e9crans\u2019enflamme, sort les griffes et renoncebruyamment,sans pudeurchacun, chacune fait son boucans\u2019enflamme, sort les griffes et renonce Que [&hellip;]<\/p>\n","protected":false},"author":1,"featured_media":0,"parent":0,"menu_order":0,"comment_status":"closed","ping_status":"closed","template":"","meta":{"footnotes":""},"class_list":["post-315","page","type-page","status-publish","hentry"],"_links":{"self":[{"href":"https:\/\/www.rgimagesettextes.art\/index.php?rest_route=\/wp\/v2\/pages\/315","targetHints":{"allow":["GET"]}}],"collection":[{"href":"https:\/\/www.rgimagesettextes.art\/index.php?rest_route=\/wp\/v2\/pages"}],"about":[{"href":"https:\/\/www.rgimagesettextes.art\/index.php?rest_route=\/wp\/v2\/types\/page"}],"author":[{"embeddable":true,"href":"https:\/\/www.rgimagesettextes.art\/index.php?rest_route=\/wp\/v2\/users\/1"}],"replies":[{"embeddable":true,"href":"https:\/\/www.rgimagesettextes.art\/index.php?rest_route=%2Fwp%2Fv2%2Fcomments&post=315"}],"version-history":[{"count":40,"href":"https:\/\/www.rgimagesettextes.art\/index.php?rest_route=\/wp\/v2\/pages\/315\/revisions"}],"predecessor-version":[{"id":902,"href":"https:\/\/www.rgimagesettextes.art\/index.php?rest_route=\/wp\/v2\/pages\/315\/revisions\/902"}],"wp:attachment":[{"href":"https:\/\/www.rgimagesettextes.art\/index.php?rest_route=%2Fwp%2Fv2%2Fmedia&parent=315"}],"curies":[{"name":"wp","href":"https:\/\/api.w.org\/{rel}","templated":true}]}}