{"id":385,"date":"2024-03-05T22:55:09","date_gmt":"2024-03-05T21:55:09","guid":{"rendered":"https:\/\/www.rgimagesettextes.art\/?page_id=385"},"modified":"2025-11-18T16:54:39","modified_gmt":"2025-11-18T15:54:39","slug":"video","status":"publish","type":"page","link":"https:\/\/www.rgimagesettextes.art\/?page_id=385","title":{"rendered":"Vid\u00e9o"},"content":{"rendered":"\n<div style=\"height:30px\" aria-hidden=\"true\" class=\"wp-block-spacer\"><\/div>\n\n\n\n<p class=\"has-contrast-dark-color has-text-color has-link-color has-fontprimary-font-family wp-elements-1f420cda9aa943f73b52143ab70cb881\"><strong>Vid\u00e9o Montage de RG \u00e0 partir d&rsquo;images et de sons de publicit\u00e9s, de reportages et d&rsquo;images captur\u00e9es sur le Net .<br>Cette vid\u00e9o a \u00e9t\u00e9 cr\u00e9\u00e9e pour la mise en sc\u00e9ne du texte \u00ab\u00a0Du coeur Battant\u00a0\u00bb de Ga\u00eblle J G et avec Emmanuelle Mehring. Monologue po\u00e9tique sur le th\u00e8me du courage d&rsquo;exister, quand vivre ne suffit pas. La travers\u00e9e d&rsquo;une femme qui \u2013 pouss\u00e9e par l&rsquo;urgence d&rsquo;exister \u2013 se cherche, s&rsquo;explore, se perd, se d\u00e9bat et s&rsquo;abandonne au gr\u00e9 de ses \u00e9motions, sentiments et aspirations les plus intimes.<\/strong><\/p>\n\n\n\n<p class=\"has-contrast-dark-color has-text-color has-link-color has-fontprimary-font-family wp-elements-c1de6755ce20288789fde9d73b6f0a39\"><strong><a href=\"http:\/\/www.lepenserledirelecrire.com\">http:\/\/www.lepenserledirelecrire.com<\/a><\/strong><br><strong><a href=\"http:\/\/theatreorganique.com\">http:\/\/theatreorganique.com<\/a><\/strong><br><\/p>\n\n\n\n<p class=\"has-contrast-dark-color has-text-color has-link-color has-superbfont-large-font-size wp-elements-91e7db87b0693e512efdc73a60c167f8\"><em><strong>Attention <\/strong>cette vid\u00e9o contient des images qui peuvent choquer.<\/em><\/p>\n\n\n\n<figure class=\"wp-block-video\"><video height=\"720\" style=\"aspect-ratio: 1280 \/ 720;\" width=\"1280\" controls src=\"http:\/\/www.rgimagesettextes.art\/wp-content\/uploads\/2025\/01\/Mon film.mp4\"><\/video><\/figure>\n\n\n\n<p><\/p>\n","protected":false},"excerpt":{"rendered":"<p>Vid\u00e9o Montage de RG \u00e0 partir d&rsquo;images et de sons de publicit\u00e9s, de reportages et d&rsquo;images captur\u00e9es sur le Net .Cette vid\u00e9o a \u00e9t\u00e9 cr\u00e9\u00e9e pour la mise en sc\u00e9ne du texte \u00ab\u00a0Du coeur Battant\u00a0\u00bb de Ga\u00eblle J G et avec Emmanuelle Mehring. Monologue po\u00e9tique sur le th\u00e8me du courage d&rsquo;exister, quand vivre ne suffit [&hellip;]<\/p>\n","protected":false},"author":1,"featured_media":0,"parent":0,"menu_order":0,"comment_status":"closed","ping_status":"closed","template":"","meta":{"footnotes":""},"class_list":["post-385","page","type-page","status-publish","hentry"],"_links":{"self":[{"href":"https:\/\/www.rgimagesettextes.art\/index.php?rest_route=\/wp\/v2\/pages\/385","targetHints":{"allow":["GET"]}}],"collection":[{"href":"https:\/\/www.rgimagesettextes.art\/index.php?rest_route=\/wp\/v2\/pages"}],"about":[{"href":"https:\/\/www.rgimagesettextes.art\/index.php?rest_route=\/wp\/v2\/types\/page"}],"author":[{"embeddable":true,"href":"https:\/\/www.rgimagesettextes.art\/index.php?rest_route=\/wp\/v2\/users\/1"}],"replies":[{"embeddable":true,"href":"https:\/\/www.rgimagesettextes.art\/index.php?rest_route=%2Fwp%2Fv2%2Fcomments&post=385"}],"version-history":[{"count":21,"href":"https:\/\/www.rgimagesettextes.art\/index.php?rest_route=\/wp\/v2\/pages\/385\/revisions"}],"predecessor-version":[{"id":845,"href":"https:\/\/www.rgimagesettextes.art\/index.php?rest_route=\/wp\/v2\/pages\/385\/revisions\/845"}],"wp:attachment":[{"href":"https:\/\/www.rgimagesettextes.art\/index.php?rest_route=%2Fwp%2Fv2%2Fmedia&parent=385"}],"curies":[{"name":"wp","href":"https:\/\/api.w.org\/{rel}","templated":true}]}}