{"id":387,"date":"2024-03-05T22:56:39","date_gmt":"2024-03-05T21:56:39","guid":{"rendered":"https:\/\/www.rgimagesettextes.art\/?page_id=387"},"modified":"2025-11-18T16:44:09","modified_gmt":"2025-11-18T15:44:09","slug":"habillages","status":"publish","type":"page","link":"https:\/\/www.rgimagesettextes.art\/?page_id=387","title":{"rendered":"Habillages"},"content":{"rendered":"\n<div style=\"height:30px\" aria-hidden=\"true\" class=\"wp-block-spacer\"><\/div>\n\n\n\n<div class=\"wp-block-columns alignwide is-layout-flex wp-container-core-columns-is-layout-28f84493 wp-block-columns-is-layout-flex\">\n<div class=\"wp-block-column is-layout-flow wp-block-column-is-layout-flow\">\n<p class=\"has-contrast-dark-color has-text-color has-link-color wp-elements-923c4ec3235d583c3718646f50b0e967\">Ev\u00e9nement MJC Montchat<\/p>\n\n\n\n<p class=\"has-contrast-dark-color has-text-color has-link-color wp-elements-78ec750d9dd170b262735310fd1a826d\">\u00ab\u00a0Bande son\u00a0\u00bb pour une d\u00e9ambulation \u00e0 l&rsquo;occasion du changement de lieu de la MJC Montchat \u00e0 Lyon<\/p>\n\n\n\n<figure class=\"wp-block-audio\"><audio controls src=\"http:\/\/www.rgimagesettextes.art\/wp-content\/uploads\/2024\/03\/intro01.wav\"><\/audio><figcaption class=\"wp-element-caption\"><strong>01-Intro<\/strong><\/figcaption><\/figure>\n\n\n\n<figure class=\"wp-block-audio\"><audio controls src=\"http:\/\/www.rgimagesettextes.art\/wp-content\/uploads\/2024\/03\/Enterrement02.wav\"><\/audio><figcaption class=\"wp-element-caption\"><strong>02-Enterrement<\/strong><\/figcaption><\/figure>\n\n\n\n<figure class=\"wp-block-audio\"><audio controls src=\"http:\/\/www.rgimagesettextes.art\/wp-content\/uploads\/2024\/03\/danse03.wav\"><\/audio><figcaption class=\"wp-element-caption\"><strong>03-Dance<\/strong><\/figcaption><\/figure>\n\n\n\n<figure class=\"wp-block-audio\"><audio controls src=\"http:\/\/www.rgimagesettextes.art\/wp-content\/uploads\/2024\/03\/Echassiers04.wav\"><\/audio><figcaption class=\"wp-element-caption\"><strong>04-Les \u00e9chassiers<\/strong><\/figcaption><\/figure>\n\n\n\n<figure class=\"wp-block-audio\"><audio controls src=\"http:\/\/www.rgimagesettextes.art\/wp-content\/uploads\/2024\/03\/Final05.wav\"><\/audio><figcaption class=\"wp-element-caption\"><strong>05-Final<\/strong><\/figcaption><\/figure>\n<\/div>\n\n\n\n<div class=\"wp-block-column is-layout-flow wp-block-column-is-layout-flow\">\n<p class=\"has-white-color has-text-color has-link-color wp-elements-89600f594f7bde43c6d456ca8477447b\"><br><\/p>\n\n\n\n<p class=\"has-white-color has-text-color has-link-color wp-elements-89600f594f7bde43c6d456ca8477447b\"><br><\/p>\n<\/div>\n\n\n\n<div class=\"wp-block-column is-layout-flow wp-block-column-is-layout-flow\">\n<p class=\"has-contrast-dark-color has-text-color has-link-color wp-elements-e473699ea89706a5ccd1ee5e00f46c10\">Lambeaux musicaux pour l&rsquo;habillage du podcast <a href=\"https:\/\/www.nathaliechocron.fr\/index.php\/realisations-sonores\/\" target=\"_blank\" rel=\"noreferrer noopener\"><strong>Du souffle et des braises &#8211; 30\u201921<\/strong> <\/a><br>R\u00e9alisation<a href=\"https:\/\/www.nathaliechocron.fr\/index.php\/bio\/\"> Nathalie CHOCRON.<\/a><br>Pr\u00e9s\u00e9lection Prix documentaire Petites Ondes Festival Longueur d&rsquo;ondes 2024<\/p>\n\n\n\n<p><\/p>\n\n\n\n<p class=\"has-contrast-dark-color has-text-color has-link-color wp-elements-95ef4ff953f441fb76888f38699739e4\"><strong>Th\u00e8me \u00ab\u00a0Fant\u00f4me\u00a0\u00bb<\/strong><\/p>\n\n\n\n<figure class=\"wp-block-audio\"><audio controls src=\"https:\/\/www.rgimagesettextes.art\/wp-content\/uploads\/2024\/03\/Theme-fantome.wav\"><\/audio><\/figure>\n<\/div>\n<\/div>\n","protected":false},"excerpt":{"rendered":"<p>Ev\u00e9nement MJC Montchat \u00ab\u00a0Bande son\u00a0\u00bb pour une d\u00e9ambulation \u00e0 l&rsquo;occasion du changement de lieu de la MJC Montchat \u00e0 Lyon Lambeaux musicaux pour l&rsquo;habillage du podcast Du souffle et des braises &#8211; 30\u201921 R\u00e9alisation Nathalie CHOCRON.Pr\u00e9s\u00e9lection Prix documentaire Petites Ondes Festival Longueur d&rsquo;ondes 2024 Th\u00e8me \u00ab\u00a0Fant\u00f4me\u00a0\u00bb<\/p>\n","protected":false},"author":1,"featured_media":0,"parent":0,"menu_order":0,"comment_status":"closed","ping_status":"closed","template":"","meta":{"footnotes":""},"class_list":["post-387","page","type-page","status-publish","hentry"],"_links":{"self":[{"href":"https:\/\/www.rgimagesettextes.art\/index.php?rest_route=\/wp\/v2\/pages\/387","targetHints":{"allow":["GET"]}}],"collection":[{"href":"https:\/\/www.rgimagesettextes.art\/index.php?rest_route=\/wp\/v2\/pages"}],"about":[{"href":"https:\/\/www.rgimagesettextes.art\/index.php?rest_route=\/wp\/v2\/types\/page"}],"author":[{"embeddable":true,"href":"https:\/\/www.rgimagesettextes.art\/index.php?rest_route=\/wp\/v2\/users\/1"}],"replies":[{"embeddable":true,"href":"https:\/\/www.rgimagesettextes.art\/index.php?rest_route=%2Fwp%2Fv2%2Fcomments&post=387"}],"version-history":[{"count":20,"href":"https:\/\/www.rgimagesettextes.art\/index.php?rest_route=\/wp\/v2\/pages\/387\/revisions"}],"predecessor-version":[{"id":832,"href":"https:\/\/www.rgimagesettextes.art\/index.php?rest_route=\/wp\/v2\/pages\/387\/revisions\/832"}],"wp:attachment":[{"href":"https:\/\/www.rgimagesettextes.art\/index.php?rest_route=%2Fwp%2Fv2%2Fmedia&parent=387"}],"curies":[{"name":"wp","href":"https:\/\/api.w.org\/{rel}","templated":true}]}}