{"id":42,"date":"2024-03-03T12:32:51","date_gmt":"2024-03-03T11:32:51","guid":{"rendered":"https:\/\/www.rgimagesettextes.art\/?page_id=42"},"modified":"2025-11-18T16:16:41","modified_gmt":"2025-11-18T15:16:41","slug":"sons","status":"publish","type":"page","link":"https:\/\/www.rgimagesettextes.art\/?page_id=42","title":{"rendered":"Sons"},"content":{"rendered":"\n<div style=\"height:30px\" aria-hidden=\"true\" class=\"wp-block-spacer\"><\/div>\n\n\n\n<div class=\"wp-block-media-text has-media-on-the-right is-stacked-on-mobile\"><div class=\"wp-block-media-text__content\">\n<p class=\"has-contrast-dark-color has-text-color has-link-color has-superbfont-medium-font-size wp-elements-35402d989616c761d10fc87d33ad5847\"><strong><em>Tr\u00e8s heureux apr\u00e8s plusieurs mois de travail de pouvoir vous pr\u00e9senter \u00ab Fantaisie et bonnes mani\u00e8res \u00bb en concert .<br>Chant et guitare : R\u00e9my Giacometti<br>Cajon, harmonica, saxo, chant, \u2026 : Claude Perrusset<br>Textes : R\u00e9my Giacometti, Nathalie Chocron, Annie Puget.<br>En Live au TH M\u00e9tro le 28 novembre \u00e0 20h !!<br>R\u00e9servation sur concertfbm@gmail.com<\/em><\/strong><\/p>\n<\/div><figure class=\"wp-block-media-text__media\"><a href=\"http:\/\/www.rgimagesettextes.art\/wp-content\/uploads\/2025\/10\/affiche-28-finalWEB.webp\"><img data-dominant-color=\"4b5053\" data-has-transparency=\"true\" style=\"--dominant-color: #4b5053;\" loading=\"lazy\" decoding=\"async\" width=\"600\" height=\"800\" src=\"http:\/\/www.rgimagesettextes.art\/wp-content\/uploads\/2025\/10\/affiche-28-finalWEB.webp\" alt=\"\" class=\"wp-image-728 size-full has-transparency\" srcset=\"https:\/\/www.rgimagesettextes.art\/wp-content\/uploads\/2025\/10\/affiche-28-finalWEB.webp 600w, https:\/\/www.rgimagesettextes.art\/wp-content\/uploads\/2025\/10\/affiche-28-finalWEB-225x300.webp 225w, https:\/\/www.rgimagesettextes.art\/wp-content\/uploads\/2025\/10\/affiche-28-finalWEB-113x150.webp 113w, https:\/\/www.rgimagesettextes.art\/wp-content\/uploads\/2025\/10\/affiche-28-finalWEB-508x677.webp 508w\" sizes=\"auto, (max-width: 600px) 100vw, 600px\" \/><\/a><\/figure><\/div>\n\n\n\n<div class=\"wp-block-columns alignwide is-layout-flex wp-container-core-columns-is-layout-28f84493 wp-block-columns-is-layout-flex\">\n<div class=\"wp-block-column is-layout-flow wp-block-column-is-layout-flow\">\n<p class=\"has-text-align-center\"><\/p>\n<\/div>\n\n\n\n<div class=\"wp-block-column is-layout-flow wp-block-column-is-layout-flow\">\n<p class=\"has-text-align-center\"><\/p>\n<\/div>\n<\/div>\n\n\n\n<div class=\"wp-block-columns is-layout-flex wp-container-core-columns-is-layout-28f84493 wp-block-columns-is-layout-flex\">\n<div class=\"wp-block-column is-layout-flow wp-block-column-is-layout-flow\">\n<p class=\"has-text-align-center has-contrast-dark-color has-text-color has-link-color wp-elements-f134debae586e73acba31b5cff086d9d\"><a href=\"https:\/\/www.rgimagesettextes.art\/?page_id=385\" data-type=\"page\" data-id=\"385\"><strong>Vid\u00e9o<\/strong><\/a><\/p>\n<\/div>\n\n\n\n<div class=\"wp-block-column is-layout-flow wp-block-column-is-layout-flow\">\n<p class=\"has-text-align-center has-contrast-dark-color has-text-color has-link-color wp-elements-dad2db524fd6234b78921acfeb98b1dd\"><a href=\"https:\/\/www.rgimagesettextes.art\/?page_id=387\"><strong>\u00ab\u00a0<\/strong><\/a><a href=\"https:\/\/www.rgimagesettextes.art\/?page_id=387\" target=\"_blank\" rel=\"noreferrer noopener\"><strong>Habillages<\/strong><\/a><a href=\"https:\/\/www.rgimagesettextes.art\/?page_id=387\"><strong> sonores\u00a0\u00bb<\/strong><\/a><\/p>\n<\/div>\n<\/div>\n\n\n\n<p><\/p>\n","protected":false},"excerpt":{"rendered":"<p>Tr\u00e8s heureux apr\u00e8s plusieurs mois de travail de pouvoir vous pr\u00e9senter \u00ab Fantaisie et bonnes mani\u00e8res \u00bb en concert .Chant et guitare : R\u00e9my GiacomettiCajon, harmonica, saxo, chant, \u2026 : Claude PerrussetTextes : R\u00e9my Giacometti, Nathalie Chocron, Annie Puget.En Live au TH M\u00e9tro le 28 novembre \u00e0 20h !!R\u00e9servation sur concertfbm@gmail.com Vid\u00e9o \u00ab\u00a0Habillages sonores\u00a0\u00bb<\/p>\n","protected":false},"author":1,"featured_media":0,"parent":0,"menu_order":0,"comment_status":"closed","ping_status":"closed","template":"","meta":{"footnotes":""},"class_list":["post-42","page","type-page","status-publish","hentry"],"_links":{"self":[{"href":"https:\/\/www.rgimagesettextes.art\/index.php?rest_route=\/wp\/v2\/pages\/42","targetHints":{"allow":["GET"]}}],"collection":[{"href":"https:\/\/www.rgimagesettextes.art\/index.php?rest_route=\/wp\/v2\/pages"}],"about":[{"href":"https:\/\/www.rgimagesettextes.art\/index.php?rest_route=\/wp\/v2\/types\/page"}],"author":[{"embeddable":true,"href":"https:\/\/www.rgimagesettextes.art\/index.php?rest_route=\/wp\/v2\/users\/1"}],"replies":[{"embeddable":true,"href":"https:\/\/www.rgimagesettextes.art\/index.php?rest_route=%2Fwp%2Fv2%2Fcomments&post=42"}],"version-history":[{"count":19,"href":"https:\/\/www.rgimagesettextes.art\/index.php?rest_route=\/wp\/v2\/pages\/42\/revisions"}],"predecessor-version":[{"id":818,"href":"https:\/\/www.rgimagesettextes.art\/index.php?rest_route=\/wp\/v2\/pages\/42\/revisions\/818"}],"wp:attachment":[{"href":"https:\/\/www.rgimagesettextes.art\/index.php?rest_route=%2Fwp%2Fv2%2Fmedia&parent=42"}],"curies":[{"name":"wp","href":"https:\/\/api.w.org\/{rel}","templated":true}]}}