{"id":512,"date":"2024-03-08T18:56:58","date_gmt":"2024-03-08T17:56:58","guid":{"rendered":"https:\/\/www.rgimagesettextes.art\/?page_id=512"},"modified":"2024-03-08T20:57:40","modified_gmt":"2024-03-08T19:57:40","slug":"rg","status":"publish","type":"page","link":"https:\/\/www.rgimagesettextes.art\/?page_id=512","title":{"rendered":"RG"},"content":{"rendered":"\n<div style=\"height:30px\" aria-hidden=\"true\" class=\"wp-block-spacer\"><\/div>\n\n\n<p><span style=\"font-family: andale mono, monospace; color: #ffff00; font-size: 12pt;\">Sur FaceBook avec le pseudo <a style=\"color: #ffff00;\" href=\"https:\/\/www.facebook.com\/profile.php?id=100013579299067\">Mineur Defond<\/a><\/span><\/p>\n<p><span style=\"font-family: andale mono, monospace; color: #ff6600;\">Peinture, dessin, montage vid\u00e9o, musique, \u00e9criture &#8230; Pourquoi s&rsquo;interdire quelquechose ?<\/span><\/p>\n<p><span style=\"font-family: andale mono, monospace; color: #ff6600;\">RG c&rsquo;est R\u00e9my Giacometti<\/span><\/p>\n<p><a href=\"https:\/\/www.rgimagesettextes.art\/?page_id=529\" target=\"_blank\" rel=\"noopener\">Pour me contacter<\/a><\/p>","protected":false},"excerpt":{"rendered":"<p>Sur FaceBook avec le pseudo Mineur Defond Peinture, dessin, montage vid\u00e9o, musique, \u00e9criture &#8230; Pourquoi s&rsquo;interdire quelquechose ? RG c&rsquo;est R\u00e9my Giacometti Pour me contacter<\/p>\n","protected":false},"author":1,"featured_media":0,"parent":0,"menu_order":0,"comment_status":"closed","ping_status":"closed","template":"","meta":{"footnotes":""},"class_list":["post-512","page","type-page","status-publish","hentry"],"_links":{"self":[{"href":"https:\/\/www.rgimagesettextes.art\/index.php?rest_route=\/wp\/v2\/pages\/512","targetHints":{"allow":["GET"]}}],"collection":[{"href":"https:\/\/www.rgimagesettextes.art\/index.php?rest_route=\/wp\/v2\/pages"}],"about":[{"href":"https:\/\/www.rgimagesettextes.art\/index.php?rest_route=\/wp\/v2\/types\/page"}],"author":[{"embeddable":true,"href":"https:\/\/www.rgimagesettextes.art\/index.php?rest_route=\/wp\/v2\/users\/1"}],"replies":[{"embeddable":true,"href":"https:\/\/www.rgimagesettextes.art\/index.php?rest_route=%2Fwp%2Fv2%2Fcomments&post=512"}],"version-history":[{"count":18,"href":"https:\/\/www.rgimagesettextes.art\/index.php?rest_route=\/wp\/v2\/pages\/512\/revisions"}],"predecessor-version":[{"id":536,"href":"https:\/\/www.rgimagesettextes.art\/index.php?rest_route=\/wp\/v2\/pages\/512\/revisions\/536"}],"wp:attachment":[{"href":"https:\/\/www.rgimagesettextes.art\/index.php?rest_route=%2Fwp%2Fv2%2Fmedia&parent=512"}],"curies":[{"name":"wp","href":"https:\/\/api.w.org\/{rel}","templated":true}]}}